{"id":956,"date":"2022-11-23T01:44:08","date_gmt":"2022-11-23T01:44:08","guid":{"rendered":"https:\/\/demo.bzotech.com\/bw_aleta\/?page_id=956"},"modified":"2024-03-23T04:50:07","modified_gmt":"2024-03-23T10:50:07","slug":"about-page","status":"publish","type":"page","link":"https:\/\/artelaseruv.com.mx\/one\/about-page\/","title":{"rendered":"Nosotros"},"content":{"rendered":"\t\t<div data-elementor-type=\"wp-page\" data-elementor-id=\"956\" class=\"elementor elementor-956\">\n\t\t\t\t<div class=\"elementor-element elementor-element-e87d6b1 e-flex e-con-boxed e-con e-parent\" data-id=\"e87d6b1\" data-element_type=\"container\" data-e-type=\"container\">\n\t\t\t\t\t<div class=\"e-con-inner\">\n\t\t<div class=\"elementor-element elementor-element-8fa7afe e-con-full e-flex e-con e-child\" data-id=\"8fa7afe\" data-element_type=\"container\" data-e-type=\"container\">\n\t\t\t\t<div class=\"elementor-element elementor-element-5d8d256 elementor-widget elementor-widget-bzotech-heading-global\" data-id=\"5d8d256\" data-element_type=\"widget\" data-e-type=\"widget\" data-widget_type=\"bzotech-heading-global.default\">\n\t\t\t\t<div class=\"elementor-widget-container\">\n\t\t\t\t\t<h2 class=\"  container-flex-e elbzotech-heading-global font-title text-css-e font-medium  title48 color-title elbzotech-heading-global-style1\">NOSOTROS<span class=\"type-title_shadow\"><\/span><\/h2>\t\t\t\t<\/div>\n\t\t\t\t<\/div>\n\t\t\t\t<div class=\"elementor-element elementor-element-49bc46e elementor-widget elementor-widget-bzotech-heading-global\" data-id=\"49bc46e\" data-element_type=\"widget\" data-e-type=\"widget\" data-widget_type=\"bzotech-heading-global.default\">\n\t\t\t\t<div class=\"elementor-widget-container\">\n\t\t\t\t\t<div class=\"elbzotech-text-editor-global text-css-e \"><p>Somos una empresa dedicada a proporcionar servicios de impresi\u00f3n de alta calidad en un mundo cada vez m\u00e1s visual y competitivo.<\/p><p><strong>Nuestra Misi\u00f3n<\/strong><\/p><p>En Arte L\u00e1ser UV, nuestra misi\u00f3n es simple pero poderosa: ofrecer resultados excepcionales. Nos esforzamos por superar las expectativas de nuestros clientes en cada proyecto, brindando soluciones creativas, precisas y de alta calidad que destacan y cautivan.<\/p><p><strong>Nuestra Visi\u00f3n<\/strong><\/p><p>Buscamos liderar el mercado no solo en t\u00e9rminos de calidad, sino tambi\u00e9n en t\u00e9rminos de sustentabilidad ambiental y responsabilidad social.<\/p><\/div>\t\t\t\t<\/div>\n\t\t\t\t<\/div>\n\t\t\t\t<\/div>\n\t\t<div class=\"elementor-element elementor-element-14ec06e e-con-full e-flex e-con e-child\" data-id=\"14ec06e\" data-element_type=\"container\" data-e-type=\"container\">\n\t\t\t\t<div class=\"elementor-element elementor-element-532fe2d elementor-widget elementor-widget-bzotech-banner-info-global\" data-id=\"532fe2d\" data-element_type=\"widget\" data-e-type=\"widget\" data-widget_type=\"bzotech-banner-info-global.default\">\n\t\t\t\t<div class=\"elementor-widget-container\">\n\t\t\t\t\t<div class=\"elbzotech-banner-info-global-wrap elbzotech-banner-info-global-elbzotech-bndf zoom-image elbzotech-hidden wrap-flex-e-elbzotech-info-inner\" >\n\t\t\t<div class=\"elbzotech-banner-info-global-thumb zoom-image elbzotech-hidden\" >\n\t\t\t<a class=\"adv-thumb-link  elementor-animation-\" rel=\"nofollow\" >\n\t\t\t\t\t\t\t\t\t\t\t\t<img fetchpriority=\"high\" decoding=\"async\" width=\"1073\" height=\"715\" src=\"https:\/\/artelaseruv.com.mx\/one\/wp-content\/uploads\/2023\/07\/blog7.jpg\" class=\"attachment-full size-full wp-image-21038\" alt=\"\" srcset=\"https:\/\/artelaseruv.com.mx\/one\/wp-content\/uploads\/2023\/07\/blog7.jpg 1073w, https:\/\/artelaseruv.com.mx\/one\/wp-content\/uploads\/2023\/07\/blog7-600x400.jpg 600w, https:\/\/artelaseruv.com.mx\/one\/wp-content\/uploads\/2023\/07\/blog7-300x200.jpg 300w, https:\/\/artelaseruv.com.mx\/one\/wp-content\/uploads\/2023\/07\/blog7-1024x682.jpg 1024w, https:\/\/artelaseruv.com.mx\/one\/wp-content\/uploads\/2023\/07\/blog7-768x512.jpg 768w\" sizes=\"(max-width: 1073px) 100vw, 1073px\" \/>\t\t\t\t\t\t\t<\/a>\n\t\t<\/div>\n\t<\/div>\t\t\t\t<\/div>\n\t\t\t\t<\/div>\n\t\t\t\t<\/div>\n\t\t\t\t\t<\/div>\n\t\t\t\t<\/div>\n\t\t<div class=\"elementor-element elementor-element-43990b9 e-flex e-con-boxed e-con e-parent\" data-id=\"43990b9\" data-element_type=\"container\" data-e-type=\"container\">\n\t\t\t\t\t<div class=\"e-con-inner\">\n\t\t<div class=\"elementor-element elementor-element-9ba9cf5 e-con-full e-flex e-con e-child\" data-id=\"9ba9cf5\" data-element_type=\"container\" data-e-type=\"container\">\n\t\t\t\t<div class=\"elementor-element elementor-element-837b1ab elementor-widget elementor-widget-bzotech-heading-global\" data-id=\"837b1ab\" data-element_type=\"widget\" data-e-type=\"widget\" data-widget_type=\"bzotech-heading-global.default\">\n\t\t\t\t<div class=\"elementor-widget-container\">\n\t\t\t\t\t<h2 class=\"  container-flex-e elbzotech-heading-global font-title text-css-e font-medium  title48 color-title elbzotech-heading-global-style1\">NUESTRO SERVICIO<span class=\"type-title_shadow\"><\/span><\/h2>\t\t\t\t<\/div>\n\t\t\t\t<\/div>\n\t\t\t\t<\/div>\n\t\t\t\t\t<\/div>\n\t\t\t\t<\/div>\n\t\t<div class=\"elementor-element elementor-element-ca2aa14 e-flex e-con-boxed e-con e-parent\" data-id=\"ca2aa14\" data-element_type=\"container\" data-e-type=\"container\">\n\t\t\t\t\t<div class=\"e-con-inner\">\n\t\t<div class=\"elementor-element elementor-element-f4bc26f e-con-full e-flex e-con e-child\" data-id=\"f4bc26f\" data-element_type=\"container\" data-e-type=\"container\">\n\t\t\t\t<div class=\"elementor-element elementor-element-f397e2c elementor-widget elementor-widget-bzotech_info_box_global\" data-id=\"f397e2c\" data-element_type=\"widget\" data-e-type=\"widget\" data-widget_type=\"bzotech_info_box_global.default\">\n\t\t\t\t<div class=\"elementor-widget-container\">\n\t\t\t\t\t<div class=\"flex-wrapper container-flex-e bzoteche-info-box-global- item-info-box-global\">\n\t<div class=\"info-box-icon item-image-icon-e  elementor-animation-\"><a ><img decoding=\"async\" width=\"60\" height=\"60\" src=\"https:\/\/artelaseruv.com.mx\/one\/wp-content\/uploads\/2023\/11\/ship-about.png.webp\" class=\"attachment-full size-full wp-image-19518\" alt=\"\" \/><\/a><\/div><div class = \"list-text-info flex-wrapper info-container-flex-e\">        <h3  class=\"list-text-info__item  elementor-repeater-item-94cf6be\">LLEGAMOS A TI<\/h3><p  class=\"list-text-info__item  elementor-repeater-item-174c24e\">Env\u00edo a todo M\u00e9xico<\/p><\/div><\/div>\t\t\t\t<\/div>\n\t\t\t\t<\/div>\n\t\t\t\t<\/div>\n\t\t<div class=\"elementor-element elementor-element-4e97abf e-con-full e-flex e-con e-child\" data-id=\"4e97abf\" data-element_type=\"container\" data-e-type=\"container\">\n\t\t\t\t<div class=\"elementor-element elementor-element-2fcb921 elementor-widget elementor-widget-bzotech_info_box_global\" data-id=\"2fcb921\" data-element_type=\"widget\" data-e-type=\"widget\" data-widget_type=\"bzotech_info_box_global.default\">\n\t\t\t\t<div class=\"elementor-widget-container\">\n\t\t\t\t\t<div class=\"flex-wrapper container-flex-e bzoteche-info-box-global- item-info-box-global\">\n\t<div class=\"info-box-icon item-image-icon-e  elementor-animation-\"><a ><img decoding=\"async\" width=\"60\" height=\"60\" src=\"https:\/\/artelaseruv.com.mx\/one\/wp-content\/uploads\/2023\/05\/icon3-product-detail.png.webp\" class=\"attachment-full size-full wp-image-19506\" alt=\"\" \/><\/a><\/div><div class = \"list-text-info flex-wrapper info-container-flex-e\">        <h3  class=\"list-text-info__item  elementor-repeater-item-94cf6be\">GARANT\u00cdA<\/h3><p  class=\"list-text-info__item  elementor-repeater-item-174c24e\">30 D\u00edas*<\/p><\/div><\/div>\t\t\t\t<\/div>\n\t\t\t\t<\/div>\n\t\t\t\t<\/div>\n\t\t<div class=\"elementor-element elementor-element-7973d7c e-con-full e-flex e-con e-child\" data-id=\"7973d7c\" data-element_type=\"container\" data-e-type=\"container\">\n\t\t\t\t<div class=\"elementor-element elementor-element-30fa9e5 elementor-widget elementor-widget-bzotech_info_box_global\" data-id=\"30fa9e5\" data-element_type=\"widget\" data-e-type=\"widget\" data-widget_type=\"bzotech_info_box_global.default\">\n\t\t\t\t<div class=\"elementor-widget-container\">\n\t\t\t\t\t<div class=\"flex-wrapper container-flex-e bzoteche-info-box-global- item-info-box-global\">\n\t<div class=\"info-box-icon item-image-icon-e  elementor-animation-\"><a ><img loading=\"lazy\" decoding=\"async\" width=\"60\" height=\"60\" src=\"https:\/\/artelaseruv.com.mx\/one\/wp-content\/uploads\/2023\/05\/icon1-product-detail.png.webp\" class=\"attachment-full size-full wp-image-19504\" alt=\"\" \/><\/a><\/div><div class = \"list-text-info flex-wrapper info-container-flex-e\">        <h3  class=\"list-text-info__item  elementor-repeater-item-94cf6be\">PAGO EN LINEA<\/h3><p  class=\"list-text-info__item  elementor-repeater-item-174c24e\">R\u00e1pido y seguro<\/p><\/div><\/div>\t\t\t\t<\/div>\n\t\t\t\t<\/div>\n\t\t\t\t<\/div>\n\t\t<div class=\"elementor-element elementor-element-4802988 e-con-full e-flex e-con e-child\" data-id=\"4802988\" data-element_type=\"container\" data-e-type=\"container\">\n\t\t\t\t<div class=\"elementor-element elementor-element-ca19af5 elementor-widget elementor-widget-bzotech_info_box_global\" data-id=\"ca19af5\" data-element_type=\"widget\" data-e-type=\"widget\" data-widget_type=\"bzotech_info_box_global.default\">\n\t\t\t\t<div class=\"elementor-widget-container\">\n\t\t\t\t\t<div class=\"flex-wrapper container-flex-e bzoteche-info-box-global- item-info-box-global\">\n\t<div class=\"info-box-icon item-image-icon-e  elementor-animation-\"><a ><img loading=\"lazy\" decoding=\"async\" width=\"60\" height=\"60\" src=\"https:\/\/artelaseruv.com.mx\/one\/wp-content\/uploads\/2023\/05\/icon2-product-detail.png.webp\" class=\"attachment-full size-full wp-image-19505\" alt=\"\" \/><\/a><\/div><div class = \"list-text-info flex-wrapper info-container-flex-e\">        <h3  class=\"list-text-info__item  elementor-repeater-item-94cf6be\">PROMOCIONES<\/h3><p  class=\"list-text-info__item  elementor-repeater-item-174c24e\">Cupones y descuentos<\/p><\/div><\/div>\t\t\t\t<\/div>\n\t\t\t\t<\/div>\n\t\t\t\t<\/div>\n\t\t\t\t\t<\/div>\n\t\t\t\t<\/div>\n\t\t<div class=\"elementor-element elementor-element-82053a5 e-flex e-con-boxed e-con e-parent\" data-id=\"82053a5\" data-element_type=\"container\" data-e-type=\"container\">\n\t\t\t\t\t<div class=\"e-con-inner\">\n\t\t<div class=\"elementor-element elementor-element-f22abcc e-con-full e-flex e-con e-child\" data-id=\"f22abcc\" data-element_type=\"container\" data-e-type=\"container\">\n\t\t\t\t<div class=\"elementor-element elementor-element-50a5ee4 elementor-widget elementor-widget-bzotech-heading-global\" data-id=\"50a5ee4\" data-element_type=\"widget\" data-e-type=\"widget\" data-widget_type=\"bzotech-heading-global.default\">\n\t\t\t\t<div class=\"elementor-widget-container\">\n\t\t\t\t\t<h2 class=\"  container-flex-e elbzotech-heading-global font-title text-css-e font-medium  title48 color-title elbzotech-heading-global-style1\">ARTE L\u00c1SER UV<span class=\"type-title_shadow\"><\/span><\/h2>\t\t\t\t<\/div>\n\t\t\t\t<\/div>\n\t\t\t\t<div class=\"elementor-element elementor-element-33ee8dc elementor-widget elementor-widget-bzotech-heading-global\" data-id=\"33ee8dc\" data-element_type=\"widget\" data-e-type=\"widget\" data-widget_type=\"bzotech-heading-global.default\">\n\t\t\t\t<div class=\"elementor-widget-container\">\n\t\t\t\t\t<h2 class=\"  container-flex-e elbzotech-heading-global font-title text-css-e font-medium  title48 color-title elbzotech-heading-global-style1\"> _<span class=\"type-title_shadow\"><\/span><\/h2>\t\t\t\t<\/div>\n\t\t\t\t<\/div>\n\t\t\t\t<div class=\"elementor-element elementor-element-0eaf29b elementor-widget__width-initial elementor-widget elementor-widget-bzotech-heading-global\" data-id=\"0eaf29b\" data-element_type=\"widget\" data-e-type=\"widget\" data-widget_type=\"bzotech-heading-global.default\">\n\t\t\t\t<div class=\"elementor-widget-container\">\n\t\t\t\t\t<p class=\"e-color-body  container-flex-e elbzotech-heading-global font-title text-css-e font-medium  title48 color-title elbzotech-heading-global-style1\">_<span class=\"type-title_shadow\"><\/span><\/p>\t\t\t\t<\/div>\n\t\t\t\t<\/div>\n\t\t\t\t<div class=\"elementor-element elementor-element-bb6bb21 elementor-widget elementor-widget-bzotech-heading-global\" data-id=\"bb6bb21\" data-element_type=\"widget\" data-e-type=\"widget\" data-widget_type=\"bzotech-heading-global.default\">\n\t\t\t\t<div class=\"elementor-widget-container\">\n\t\t\t\t\t<h2 class=\"  container-flex-e elbzotech-heading-global font-title text-css-e font-medium  title48 color-title elbzotech-heading-global-style1\">WHATSAPP<span class=\"type-title_shadow\"><\/span><\/h2>\t\t\t\t<\/div>\n\t\t\t\t<\/div>\n\t\t\t\t<div class=\"elementor-element elementor-element-2ce840b elementor-widget__width-initial elementor-widget elementor-widget-bzotech-heading-global\" data-id=\"2ce840b\" data-element_type=\"widget\" data-e-type=\"widget\" data-widget_type=\"bzotech-heading-global.default\">\n\t\t\t\t<div class=\"elementor-widget-container\">\n\t\t\t\t\t<p class=\"e-color-body  container-flex-e elbzotech-heading-global font-title text-css-e font-medium  title48 color-title elbzotech-heading-global-style1\">56 1542 3372<span class=\"type-title_shadow\"><\/span><\/p>\t\t\t\t<\/div>\n\t\t\t\t<\/div>\n\t\t\t\t<div class=\"elementor-element elementor-element-f1de5cc elementor-widget elementor-widget-bzotech-heading-global\" data-id=\"f1de5cc\" data-element_type=\"widget\" data-e-type=\"widget\" data-widget_type=\"bzotech-heading-global.default\">\n\t\t\t\t<div class=\"elementor-widget-container\">\n\t\t\t\t\t<h2 class=\"  container-flex-e elbzotech-heading-global font-title text-css-e font-medium  title48 color-title elbzotech-heading-global-style1\">EMAIL<span class=\"type-title_shadow\"><\/span><\/h2>\t\t\t\t<\/div>\n\t\t\t\t<\/div>\n\t\t\t\t<div class=\"elementor-element elementor-element-847bf7a elementor-widget__width-initial elementor-widget elementor-widget-bzotech-heading-global\" data-id=\"847bf7a\" data-element_type=\"widget\" data-e-type=\"widget\" data-widget_type=\"bzotech-heading-global.default\">\n\t\t\t\t<div class=\"elementor-widget-container\">\n\t\t\t\t\t<p class=\"e-color-body  container-flex-e elbzotech-heading-global font-title text-css-e font-medium  title48 color-title elbzotech-heading-global-style1\">ventas@artelaseruv.com.mx<span class=\"type-title_shadow\"><\/span><\/p>\t\t\t\t<\/div>\n\t\t\t\t<\/div>\n\t\t\t\t<div class=\"elementor-element elementor-element-2b803a1 elementor-widget elementor-widget-bzotech-heading-global\" data-id=\"2b803a1\" data-element_type=\"widget\" data-e-type=\"widget\" data-widget_type=\"bzotech-heading-global.default\">\n\t\t\t\t<div class=\"elementor-widget-container\">\n\t\t\t\t\t<h2 class=\"  container-flex-e elbzotech-heading-global font-title text-css-e font-medium  title48 color-title elbzotech-heading-global-style1\">_<span class=\"type-title_shadow\"><\/span><\/h2>\t\t\t\t<\/div>\n\t\t\t\t<\/div>\n\t\t\t\t<div class=\"elementor-element elementor-element-e79ffe3 elementor-widget__width-initial elementor-widget elementor-widget-bzotech-heading-global\" data-id=\"e79ffe3\" data-element_type=\"widget\" data-e-type=\"widget\" data-widget_type=\"bzotech-heading-global.default\">\n\t\t\t\t<div class=\"elementor-widget-container\">\n\t\t\t\t\t<p class=\"e-color-body  container-flex-e elbzotech-heading-global font-title text-css-e font-medium  title48 color-title elbzotech-heading-global-style1\">_<span class=\"type-title_shadow\"><\/span><\/p>\t\t\t\t<\/div>\n\t\t\t\t<\/div>\n\t\t\t\t<\/div>\n\t\t<div class=\"elementor-element elementor-element-a48edc0 e-con-full e-flex e-con e-child\" data-id=\"a48edc0\" data-element_type=\"container\" data-e-type=\"container\">\n\t\t\t\t<div class=\"elementor-element elementor-element-9348978 elementor-widget elementor-widget-bzotech-banner-info-global\" data-id=\"9348978\" data-element_type=\"widget\" data-e-type=\"widget\" data-widget_type=\"bzotech-banner-info-global.default\">\n\t\t\t\t<div class=\"elementor-widget-container\">\n\t\t\t\t\t<div class=\"elbzotech-banner-info-global-wrap elbzotech-banner-info-global-elbzotech-bndf zoom-image elbzotech-hidden wrap-flex-e-elbzotech-info-inner\" >\n\t\t\t<div class=\"elbzotech-banner-info-global-thumb zoom-image elbzotech-hidden\" >\n\t\t\t<a class=\"adv-thumb-link  elementor-animation-\" rel=\"nofollow\" >\n\t\t\t\t\t\t\t\t\t\t\t\t<img loading=\"lazy\" decoding=\"async\" width=\"720\" height=\"600\" src=\"https:\/\/artelaseruv.com.mx\/one\/wp-content\/uploads\/2024\/03\/Slide_B.jpg\" class=\"attachment-full size-full wp-image-24489\" alt=\"Impresi\u00f3n UV en Acr\u00edlico\" srcset=\"https:\/\/artelaseruv.com.mx\/one\/wp-content\/uploads\/2024\/03\/Slide_B.jpg 720w, https:\/\/artelaseruv.com.mx\/one\/wp-content\/uploads\/2024\/03\/Slide_B-300x250.jpg 300w, https:\/\/artelaseruv.com.mx\/one\/wp-content\/uploads\/2024\/03\/Slide_B-600x500.jpg 600w\" sizes=\"(max-width: 720px) 100vw, 720px\" \/>\t\t\t\t\t\t\t<\/a>\n\t\t<\/div>\n\t<\/div>\t\t\t\t<\/div>\n\t\t\t\t<\/div>\n\t\t\t\t<\/div>\n\t\t\t\t\t<\/div>\n\t\t\t\t<\/div>\n\t\t\t\t<\/div>\n\t\t","protected":false},"excerpt":{"rendered":"<p>NOSOTROS Somos una empresa dedicada a proporcionar servicios de impresi\u00f3n de alta calidad en un mundo cada vez m\u00e1s visual y competitivo. Nuestra Misi\u00f3n En Arte L\u00e1ser UV, nuestra misi\u00f3n es simple pero poderosa: ofrecer resultados excepcionales. Nos esforzamos por superar las expectativas de nuestros clientes en cada proyecto, brindando soluciones creativas, precisas y de [&hellip;]<\/p>\n","protected":false},"author":1,"featured_media":0,"parent":0,"menu_order":0,"comment_status":"closed","ping_status":"closed","template":"elementor-template.php","meta":{"_joinchat":[],"footnotes":""},"class_list":["post-956","page","type-page","status-publish","hentry"],"yoast_head":"<!-- This site is optimized with the Yoast SEO plugin v27.5 - https:\/\/yoast.com\/product\/yoast-seo-wordpress\/ -->\n<title>Nosotros - Arte L&aacute;ser UV M&eacute;xico<\/title>\n<meta name=\"description\" content=\"Arte L&aacute;ser UV M&eacute;xico - Nosotros -\" \/>\n<meta name=\"robots\" content=\"index, follow, max-snippet:-1, max-image-preview:large, max-video-preview:-1\" \/>\n<link rel=\"canonical\" href=\"https:\/\/artelaseruv.com.mx\/one\/about-page\/\" \/>\n<meta property=\"og:locale\" content=\"es_ES\" \/>\n<meta property=\"og:type\" content=\"article\" \/>\n<meta property=\"og:title\" content=\"Nosotros - Arte L&aacute;ser UV M&eacute;xico\" \/>\n<meta property=\"og:description\" content=\"Arte L&aacute;ser UV M&eacute;xico - Nosotros -\" \/>\n<meta property=\"og:url\" content=\"https:\/\/artelaseruv.com.mx\/one\/about-page\/\" \/>\n<meta property=\"og:site_name\" content=\"Arte L&aacute;ser UV M&eacute;xico\" \/>\n<meta property=\"article:modified_time\" content=\"2024-03-23T10:50:07+00:00\" \/>\n<meta property=\"og:image\" content=\"https:\/\/artelaseruv.com.mx\/one\/wp-content\/uploads\/2023\/07\/blog7.jpg\" \/>\n<meta name=\"twitter:card\" content=\"summary_large_image\" \/>\n<meta name=\"twitter:label1\" content=\"Tiempo de lectura\" \/>\n\t<meta name=\"twitter:data1\" content=\"2 minutos\" \/>\n<script type=\"application\/ld+json\" class=\"yoast-schema-graph\">{\"@context\":\"https:\\\/\\\/schema.org\",\"@graph\":[{\"@type\":\"WebPage\",\"@id\":\"https:\\\/\\\/artelaseruv.com.mx\\\/one\\\/about-page\\\/\",\"url\":\"https:\\\/\\\/artelaseruv.com.mx\\\/one\\\/about-page\\\/\",\"name\":\"Nosotros - Arte L&aacute;ser UV M&eacute;xico\",\"isPartOf\":{\"@id\":\"https:\\\/\\\/artelaseruv.com.mx\\\/one\\\/#website\"},\"primaryImageOfPage\":{\"@id\":\"https:\\\/\\\/artelaseruv.com.mx\\\/one\\\/about-page\\\/#primaryimage\"},\"image\":{\"@id\":\"https:\\\/\\\/artelaseruv.com.mx\\\/one\\\/about-page\\\/#primaryimage\"},\"thumbnailUrl\":\"https:\\\/\\\/artelaseruv.com.mx\\\/one\\\/wp-content\\\/uploads\\\/2023\\\/07\\\/blog7.jpg\",\"datePublished\":\"2022-11-23T01:44:08+00:00\",\"dateModified\":\"2024-03-23T10:50:07+00:00\",\"description\":\"Arte L&aacute;ser UV M&eacute;xico - Nosotros -\",\"breadcrumb\":{\"@id\":\"https:\\\/\\\/artelaseruv.com.mx\\\/one\\\/about-page\\\/#breadcrumb\"},\"inLanguage\":\"es\",\"potentialAction\":[{\"@type\":\"ReadAction\",\"target\":[\"https:\\\/\\\/artelaseruv.com.mx\\\/one\\\/about-page\\\/\"]}]},{\"@type\":\"ImageObject\",\"inLanguage\":\"es\",\"@id\":\"https:\\\/\\\/artelaseruv.com.mx\\\/one\\\/about-page\\\/#primaryimage\",\"url\":\"https:\\\/\\\/artelaseruv.com.mx\\\/one\\\/wp-content\\\/uploads\\\/2023\\\/07\\\/blog7.jpg\",\"contentUrl\":\"https:\\\/\\\/artelaseruv.com.mx\\\/one\\\/wp-content\\\/uploads\\\/2023\\\/07\\\/blog7.jpg\",\"width\":1073,\"height\":715},{\"@type\":\"BreadcrumbList\",\"@id\":\"https:\\\/\\\/artelaseruv.com.mx\\\/one\\\/about-page\\\/#breadcrumb\",\"itemListElement\":[{\"@type\":\"ListItem\",\"position\":1,\"name\":\"Portada\",\"item\":\"https:\\\/\\\/artelaseruv.com.mx\\\/one\\\/\"},{\"@type\":\"ListItem\",\"position\":2,\"name\":\"Nosotros\"}]},{\"@type\":\"WebSite\",\"@id\":\"https:\\\/\\\/artelaseruv.com.mx\\\/one\\\/#website\",\"url\":\"https:\\\/\\\/artelaseruv.com.mx\\\/one\\\/\",\"name\":\"Arte L\u00e1ser UV M\u00e9xico\",\"description\":\"Impresi&oacute;n UV, Corte y Grabado L&aacute;ser, Router CNC, impresi&oacute;n en r&iacute;gidos\",\"publisher\":{\"@id\":\"https:\\\/\\\/artelaseruv.com.mx\\\/one\\\/#organization\"},\"alternateName\":\"Arte l\u00e1ser M\u00e9xico\",\"potentialAction\":[{\"@type\":\"SearchAction\",\"target\":{\"@type\":\"EntryPoint\",\"urlTemplate\":\"https:\\\/\\\/artelaseruv.com.mx\\\/one\\\/?s={search_term_string}\"},\"query-input\":{\"@type\":\"PropertyValueSpecification\",\"valueRequired\":true,\"valueName\":\"search_term_string\"}}],\"inLanguage\":\"es\"},{\"@type\":\"Organization\",\"@id\":\"https:\\\/\\\/artelaseruv.com.mx\\\/one\\\/#organization\",\"name\":\"Arte L\u00e1ser UV M\u00e9xico\",\"alternateName\":\"Arte L\u00e1ser UV M\u00e9xico impresi\u00f3n alta resoluci\u00f3n\",\"url\":\"https:\\\/\\\/artelaseruv.com.mx\\\/one\\\/\",\"logo\":{\"@type\":\"ImageObject\",\"inLanguage\":\"es\",\"@id\":\"https:\\\/\\\/artelaseruv.com.mx\\\/one\\\/#\\\/schema\\\/logo\\\/image\\\/\",\"url\":\"https:\\\/\\\/artelaseruv.com.mx\\\/one\\\/wp-content\\\/uploads\\\/2024\\\/02\\\/LOGO-ARTE-LASER-UV-2.png\",\"contentUrl\":\"https:\\\/\\\/artelaseruv.com.mx\\\/one\\\/wp-content\\\/uploads\\\/2024\\\/02\\\/LOGO-ARTE-LASER-UV-2.png\",\"width\":418,\"height\":111,\"caption\":\"Arte L\u00e1ser UV M\u00e9xico\"},\"image\":{\"@id\":\"https:\\\/\\\/artelaseruv.com.mx\\\/one\\\/#\\\/schema\\\/logo\\\/image\\\/\"}}]}<\/script>\n<!-- \/ Yoast SEO plugin. -->","yoast_head_json":{"title":"Nosotros - Arte L&aacute;ser UV M&eacute;xico","description":"Arte L&aacute;ser UV M&eacute;xico - Nosotros -","robots":{"index":"index","follow":"follow","max-snippet":"max-snippet:-1","max-image-preview":"max-image-preview:large","max-video-preview":"max-video-preview:-1"},"canonical":"https:\/\/artelaseruv.com.mx\/one\/about-page\/","og_locale":"es_ES","og_type":"article","og_title":"Nosotros - Arte L&aacute;ser UV M&eacute;xico","og_description":"Arte L&aacute;ser UV M&eacute;xico - Nosotros -","og_url":"https:\/\/artelaseruv.com.mx\/one\/about-page\/","og_site_name":"Arte L&aacute;ser UV M&eacute;xico","article_modified_time":"2024-03-23T10:50:07+00:00","og_image":[{"url":"https:\/\/artelaseruv.com.mx\/one\/wp-content\/uploads\/2023\/07\/blog7.jpg","type":"","width":"","height":""}],"twitter_card":"summary_large_image","twitter_misc":{"Tiempo de lectura":"2 minutos"},"schema":{"@context":"https:\/\/schema.org","@graph":[{"@type":"WebPage","@id":"https:\/\/artelaseruv.com.mx\/one\/about-page\/","url":"https:\/\/artelaseruv.com.mx\/one\/about-page\/","name":"Nosotros - Arte L&aacute;ser UV M&eacute;xico","isPartOf":{"@id":"https:\/\/artelaseruv.com.mx\/one\/#website"},"primaryImageOfPage":{"@id":"https:\/\/artelaseruv.com.mx\/one\/about-page\/#primaryimage"},"image":{"@id":"https:\/\/artelaseruv.com.mx\/one\/about-page\/#primaryimage"},"thumbnailUrl":"https:\/\/artelaseruv.com.mx\/one\/wp-content\/uploads\/2023\/07\/blog7.jpg","datePublished":"2022-11-23T01:44:08+00:00","dateModified":"2024-03-23T10:50:07+00:00","description":"Arte L&aacute;ser UV M&eacute;xico - Nosotros -","breadcrumb":{"@id":"https:\/\/artelaseruv.com.mx\/one\/about-page\/#breadcrumb"},"inLanguage":"es","potentialAction":[{"@type":"ReadAction","target":["https:\/\/artelaseruv.com.mx\/one\/about-page\/"]}]},{"@type":"ImageObject","inLanguage":"es","@id":"https:\/\/artelaseruv.com.mx\/one\/about-page\/#primaryimage","url":"https:\/\/artelaseruv.com.mx\/one\/wp-content\/uploads\/2023\/07\/blog7.jpg","contentUrl":"https:\/\/artelaseruv.com.mx\/one\/wp-content\/uploads\/2023\/07\/blog7.jpg","width":1073,"height":715},{"@type":"BreadcrumbList","@id":"https:\/\/artelaseruv.com.mx\/one\/about-page\/#breadcrumb","itemListElement":[{"@type":"ListItem","position":1,"name":"Portada","item":"https:\/\/artelaseruv.com.mx\/one\/"},{"@type":"ListItem","position":2,"name":"Nosotros"}]},{"@type":"WebSite","@id":"https:\/\/artelaseruv.com.mx\/one\/#website","url":"https:\/\/artelaseruv.com.mx\/one\/","name":"Arte L\u00e1ser UV M\u00e9xico","description":"Impresi&oacute;n UV, Corte y Grabado L&aacute;ser, Router CNC, impresi&oacute;n en r&iacute;gidos","publisher":{"@id":"https:\/\/artelaseruv.com.mx\/one\/#organization"},"alternateName":"Arte l\u00e1ser M\u00e9xico","potentialAction":[{"@type":"SearchAction","target":{"@type":"EntryPoint","urlTemplate":"https:\/\/artelaseruv.com.mx\/one\/?s={search_term_string}"},"query-input":{"@type":"PropertyValueSpecification","valueRequired":true,"valueName":"search_term_string"}}],"inLanguage":"es"},{"@type":"Organization","@id":"https:\/\/artelaseruv.com.mx\/one\/#organization","name":"Arte L\u00e1ser UV M\u00e9xico","alternateName":"Arte L\u00e1ser UV M\u00e9xico impresi\u00f3n alta resoluci\u00f3n","url":"https:\/\/artelaseruv.com.mx\/one\/","logo":{"@type":"ImageObject","inLanguage":"es","@id":"https:\/\/artelaseruv.com.mx\/one\/#\/schema\/logo\/image\/","url":"https:\/\/artelaseruv.com.mx\/one\/wp-content\/uploads\/2024\/02\/LOGO-ARTE-LASER-UV-2.png","contentUrl":"https:\/\/artelaseruv.com.mx\/one\/wp-content\/uploads\/2024\/02\/LOGO-ARTE-LASER-UV-2.png","width":418,"height":111,"caption":"Arte L\u00e1ser UV M\u00e9xico"},"image":{"@id":"https:\/\/artelaseruv.com.mx\/one\/#\/schema\/logo\/image\/"}}]}},"jetpack_sharing_enabled":true,"_links":{"self":[{"href":"https:\/\/artelaseruv.com.mx\/one\/wp-json\/wp\/v2\/pages\/956","targetHints":{"allow":["GET"]}}],"collection":[{"href":"https:\/\/artelaseruv.com.mx\/one\/wp-json\/wp\/v2\/pages"}],"about":[{"href":"https:\/\/artelaseruv.com.mx\/one\/wp-json\/wp\/v2\/types\/page"}],"author":[{"embeddable":true,"href":"https:\/\/artelaseruv.com.mx\/one\/wp-json\/wp\/v2\/users\/1"}],"replies":[{"embeddable":true,"href":"https:\/\/artelaseruv.com.mx\/one\/wp-json\/wp\/v2\/comments?post=956"}],"version-history":[{"count":13,"href":"https:\/\/artelaseruv.com.mx\/one\/wp-json\/wp\/v2\/pages\/956\/revisions"}],"predecessor-version":[{"id":25274,"href":"https:\/\/artelaseruv.com.mx\/one\/wp-json\/wp\/v2\/pages\/956\/revisions\/25274"}],"wp:attachment":[{"href":"https:\/\/artelaseruv.com.mx\/one\/wp-json\/wp\/v2\/media?parent=956"}],"curies":[{"name":"wp","href":"https:\/\/api.w.org\/{rel}","templated":true}]}}