{"id":25253,"date":"2024-03-23T04:24:52","date_gmt":"2024-03-23T10:24:52","guid":{"rendered":"https:\/\/artelaseruv.com.mx\/one\/?page_id=25253"},"modified":"2024-03-23T04:31:08","modified_gmt":"2024-03-23T10:31:08","slug":"integrate-a-nuestro-equipo","status":"publish","type":"page","link":"https:\/\/artelaseruv.com.mx\/one\/integrate-a-nuestro-equipo\/","title":{"rendered":"Integrate a nuestro equipo"},"content":{"rendered":"\t\t<div data-elementor-type=\"wp-page\" data-elementor-id=\"25253\" class=\"elementor elementor-25253\">\n\t\t\t\t<div class=\"elementor-element elementor-element-7c4a304 e-flex e-con-boxed e-con e-parent\" data-id=\"7c4a304\" data-element_type=\"container\" data-e-type=\"container\">\n\t\t\t\t\t<div class=\"e-con-inner\">\n\t\t\t\t<div class=\"elementor-element elementor-element-dabb59d elementor-widget elementor-widget-spacer\" data-id=\"dabb59d\" data-element_type=\"widget\" data-e-type=\"widget\" data-widget_type=\"spacer.default\">\n\t\t\t\t<div class=\"elementor-widget-container\">\n\t\t\t\t\t\t\t<div class=\"elementor-spacer\">\n\t\t\t<div class=\"elementor-spacer-inner\"><\/div>\n\t\t<\/div>\n\t\t\t\t\t\t<\/div>\n\t\t\t\t<\/div>\n\t\t\t\t\t<\/div>\n\t\t\t\t<\/div>\n\t\t<div class=\"elementor-element elementor-element-7249acd e-flex e-con-boxed e-con e-parent\" data-id=\"7249acd\" data-element_type=\"container\" data-e-type=\"container\">\n\t\t\t\t\t<div class=\"e-con-inner\">\n\t\t<div class=\"elementor-element elementor-element-a0851ab e-con-full e-flex e-con e-child\" data-id=\"a0851ab\" data-element_type=\"container\" data-e-type=\"container\">\n\t\t\t\t<div class=\"elementor-element elementor-element-0c276db elementor-widget elementor-widget-bzotech-heading-global\" data-id=\"0c276db\" data-element_type=\"widget\" data-e-type=\"widget\" data-widget_type=\"bzotech-heading-global.default\">\n\t\t\t\t<div class=\"elementor-widget-container\">\n\t\t\t\t\t<h2 class=\"  container-flex-e elbzotech-heading-global font-title text-css-e font-medium  title48 color-title elbzotech-heading-global-style1\">Ubicaci\u00f3n<span class=\"type-title_shadow\"><\/span><\/h2>\t\t\t\t<\/div>\n\t\t\t\t<\/div>\n\t\t\t\t<div class=\"elementor-element elementor-element-1aab0ac elementor-widget__width-initial elementor-widget-mobile__width-inherit elementor-widget elementor-widget-bzotech-heading-global\" data-id=\"1aab0ac\" data-element_type=\"widget\" data-e-type=\"widget\" data-widget_type=\"bzotech-heading-global.default\">\n\t\t\t\t<div class=\"elementor-widget-container\">\n\t\t\t\t\t<p class=\"e-color-body  container-flex-e elbzotech-heading-global font-title text-css-e font-medium  title48 color-title elbzotech-heading-global-style1\">Av. del Sol 8. Cuautitl\u00e1n Izcalli. \nEstado de M\u00e9xico. MX.<span class=\"type-title_shadow\"><\/span><\/p>\t\t\t\t<\/div>\n\t\t\t\t<\/div>\n\t\t\t\t<div class=\"elementor-element elementor-element-241bc66 elementor-widget elementor-widget-bzotech-heading-global\" data-id=\"241bc66\" data-element_type=\"widget\" data-e-type=\"widget\" data-widget_type=\"bzotech-heading-global.default\">\n\t\t\t\t<div class=\"elementor-widget-container\">\n\t\t\t\t\t<h2 class=\"  container-flex-e elbzotech-heading-global font-title text-css-e font-medium  title48 color-title elbzotech-heading-global-style1\">LL\u00c1MANOS<span class=\"type-title_shadow\"><\/span><\/h2>\t\t\t\t<\/div>\n\t\t\t\t<\/div>\n\t\t\t\t<div class=\"elementor-element elementor-element-b716191 elementor-widget__width-initial elementor-widget-mobile__width-inherit elementor-widget elementor-widget-bzotech-heading-global\" data-id=\"b716191\" data-element_type=\"widget\" data-e-type=\"widget\" data-widget_type=\"bzotech-heading-global.default\">\n\t\t\t\t<div class=\"elementor-widget-container\">\n\t\t\t\t\t<p class=\"e-color-body  container-flex-e elbzotech-heading-global font-title text-css-e font-medium  title48 color-title elbzotech-heading-global-style1\">56 1542 3372<span class=\"type-title_shadow\"><\/span><\/p>\t\t\t\t<\/div>\n\t\t\t\t<\/div>\n\t\t\t\t<div class=\"elementor-element elementor-element-9d70c21 elementor-widget elementor-widget-bzotech-heading-global\" data-id=\"9d70c21\" data-element_type=\"widget\" data-e-type=\"widget\" data-widget_type=\"bzotech-heading-global.default\">\n\t\t\t\t<div class=\"elementor-widget-container\">\n\t\t\t\t\t<h2 class=\"  container-flex-e elbzotech-heading-global font-title text-css-e font-medium  title48 color-title elbzotech-heading-global-style1\">EMAIL<span class=\"type-title_shadow\"><\/span><\/h2>\t\t\t\t<\/div>\n\t\t\t\t<\/div>\n\t\t\t\t<div class=\"elementor-element elementor-element-63a90e9 elementor-widget__width-initial elementor-widget-mobile__width-inherit elementor-widget elementor-widget-bzotech-heading-global\" data-id=\"63a90e9\" data-element_type=\"widget\" data-e-type=\"widget\" data-widget_type=\"bzotech-heading-global.default\">\n\t\t\t\t<div class=\"elementor-widget-container\">\n\t\t\t\t\t<p class=\"e-color-body  container-flex-e elbzotech-heading-global font-title text-css-e font-medium  title48 color-title elbzotech-heading-global-style1\">ventas@artelaseruv.com.mx<span class=\"type-title_shadow\"><\/span><\/p>\t\t\t\t<\/div>\n\t\t\t\t<\/div>\n\t\t\t\t<div class=\"elementor-element elementor-element-a45b78b elementor-widget elementor-widget-bzotech-heading-global\" data-id=\"a45b78b\" data-element_type=\"widget\" data-e-type=\"widget\" data-widget_type=\"bzotech-heading-global.default\">\n\t\t\t\t<div class=\"elementor-widget-container\">\n\t\t\t\t\t<h2 class=\"  container-flex-e elbzotech-heading-global font-title text-css-e font-medium  title48 color-title elbzotech-heading-global-style1\">HORARIO<span class=\"type-title_shadow\"><\/span><\/h2>\t\t\t\t<\/div>\n\t\t\t\t<\/div>\n\t\t\t\t<div class=\"elementor-element elementor-element-84074c8 elementor-widget__width-initial elementor-widget-mobile__width-inherit elementor-widget elementor-widget-bzotech-heading-global\" data-id=\"84074c8\" data-element_type=\"widget\" data-e-type=\"widget\" data-widget_type=\"bzotech-heading-global.default\">\n\t\t\t\t<div class=\"elementor-widget-container\">\n\t\t\t\t\t<p class=\"e-color-body  container-flex-e elbzotech-heading-global font-title text-css-e font-medium  title48 color-title elbzotech-heading-global-style1\">Lunes a Viernes 9:00 a 18:00 Hrs.\nS\u00e1bado: 9:00 a 14:00 Hrs.<span class=\"type-title_shadow\"><\/span><\/p>\t\t\t\t<\/div>\n\t\t\t\t<\/div>\n\t\t\t\t<\/div>\n\t\t<div class=\"elementor-element elementor-element-56de10e e-con-full e-flex e-con e-child\" data-id=\"56de10e\" data-element_type=\"container\" data-e-type=\"container\">\n\t\t\t\t<div class=\"elementor-element elementor-element-526e1b4 elementor-widget elementor-widget-bzotech-heading-global\" data-id=\"526e1b4\" data-element_type=\"widget\" data-e-type=\"widget\" data-widget_type=\"bzotech-heading-global.default\">\n\t\t\t\t<div class=\"elementor-widget-container\">\n\t\t\t\t\t<h2 class=\"  container-flex-e elbzotech-heading-global font-title text-css-e font-medium  title48 color-title elbzotech-heading-global-style1\">INTEGRATE A NUESTRO EQUIPO<span class=\"type-title_shadow\"><\/span><\/h2>\t\t\t\t<\/div>\n\t\t\t\t<\/div>\n\t\t\t\t<div class=\"elementor-element elementor-element-5572661 box-contact-form box-contact-form-v2 elementor-widget elementor-widget-bzotech-heading-global\" data-id=\"5572661\" data-element_type=\"widget\" data-e-type=\"widget\" data-widget_type=\"bzotech-heading-global.default\">\n\t\t\t\t<div class=\"elementor-widget-container\">\n\t\t\t\t\t<div class=\"elbzotech-text-editor-global text-css-e \"><style id=\"wpforms-css-vars-25249\">\n\t\t\t\t#wpforms-25249 {\n\t\t\t\t\n\t\t\t}\n\t\t\t<\/style><div class=\"wpforms-container wpforms-container-full wpforms-render-modern\" id=\"wpforms-25249\"><form id=\"wpforms-form-25249\" class=\"wpforms-validate wpforms-form wpforms-ajax-form\" data-formid=\"25249\" method=\"post\" enctype=\"multipart\/form-data\" action=\"\/one\/wp-json\/wp\/v2\/pages\/25253\" data-token=\"e5588e53621374ab064c46b7bcabd97d\" data-token-time=\"1778688995\"><noscript class=\"wpforms-error-noscript\">Por favor, activa JavaScript en tu navegador para completar este formulario.<\/noscript><div id=\"wpforms-error-noscript\" style=\"display: none;\">Por favor, activa JavaScript en tu navegador para completar este formulario.<\/div><div class=\"wpforms-field-container\"><div id=\"wpforms-25249-field_0-container\" class=\"wpforms-field wpforms-field-name wpforms-one-half wpforms-first\" data-field-id=\"0\"><fieldset><legend class=\"wpforms-field-label\">Nombre <span class=\"wpforms-required-label\" aria-hidden=\"true\">*<\/span><\/legend><div class=\"wpforms-field-row wpforms-field-medium\"><div class=\"wpforms-field-row-block wpforms-first wpforms-one-half\"><input type=\"text\" id=\"wpforms-25249-field_0\" class=\"wpforms-field-name-first wpforms-field-required\" name=\"wpforms[fields][0][first]\" aria-errormessage=\"wpforms-25249-field_0-error\" required><label for=\"wpforms-25249-field_0\" class=\"wpforms-field-sublabel after\">Nombre<\/label><\/div><div class=\"wpforms-field-row-block wpforms-one-half\"><input type=\"text\" id=\"wpforms-25249-field_0-last\" class=\"wpforms-field-name-last wpforms-field-required\" name=\"wpforms[fields][0][last]\" aria-errormessage=\"wpforms-25249-field_0-last-error\" required><label for=\"wpforms-25249-field_0-last\" class=\"wpforms-field-sublabel after\">Apellidos<\/label><\/div><\/div><\/fieldset><\/div><div id=\"wpforms-25249-field_3-container\" class=\"wpforms-field wpforms-field-number wpforms-one-half\" data-field-id=\"3\"><label class=\"wpforms-field-label\" for=\"wpforms-25249-field_3\">Tel\u00e9fono <span class=\"wpforms-required-label\" aria-hidden=\"true\">*<\/span><\/label><input type=\"number\" id=\"wpforms-25249-field_3\" class=\"wpforms-field-large wpforms-field-required\" name=\"wpforms[fields][3]\" placeholder=\"Tu n\u00famero de tel\u00e9fono\" step=\"any\" aria-errormessage=\"wpforms-25249-field_3-error\" required><\/div><div id=\"wpforms-25249-field_1-container\" class=\"wpforms-field wpforms-field-email wpforms-one-half\" data-field-id=\"1\"><label class=\"wpforms-field-label\" for=\"wpforms-25249-field_1\">Correo electr\u00f3nico <span class=\"wpforms-required-label\" aria-hidden=\"true\">*<\/span><\/label><input type=\"email\" id=\"wpforms-25249-field_1\" class=\"wpforms-field-large wpforms-field-required\" name=\"wpforms[fields][1]\" spellcheck=\"false\" aria-errormessage=\"wpforms-25249-field_1-error\" required><\/div><div id=\"wpforms-25249-field_4-container\" class=\"wpforms-field wpforms-field-text wpforms-one-half wpforms-first\" data-field-id=\"4\"><label class=\"wpforms-field-label\" for=\"wpforms-25249-field_4\">Asunto <span class=\"wpforms-required-label\" aria-hidden=\"true\">*<\/span><\/label><input type=\"text\" id=\"wpforms-25249-field_4\" class=\"wpforms-field-large wpforms-field-required\" name=\"wpforms[fields][4]\" aria-errormessage=\"wpforms-25249-field_4-error\" required><\/div><div id=\"wpforms-25249-field_2-container\" class=\"wpforms-field wpforms-field-textarea wpforms-one-half\" data-field-id=\"2\"><label class=\"wpforms-field-label\" for=\"wpforms-25249-field_2\">Comp\u00e1rtenos tu experiencia <span class=\"wpforms-required-label\" aria-hidden=\"true\">*<\/span><\/label><textarea id=\"wpforms-25249-field_2\" class=\"wpforms-field-medium wpforms-field-required\" name=\"wpforms[fields][2]\" aria-errormessage=\"wpforms-25249-field_2-error\" required><\/textarea><\/div><\/div><!-- .wpforms-field-container --><div class=\"wpforms-recaptcha-container wpforms-is-recaptcha wpforms-is-recaptcha-type-v2\" ><div class=\"g-recaptcha\" data-sitekey=\"6LdSe5wpAAAAACffkGUwJA89lp8mlrH1d5lAMqjb\"><\/div><input type=\"text\" name=\"g-recaptcha-hidden\" class=\"wpforms-recaptcha-hidden\" style=\"position:absolute!important;clip:rect(0,0,0,0)!important;height:1px!important;width:1px!important;border:0!important;overflow:hidden!important;padding:0!important;margin:0!important;\" data-rule-recaptcha=\"1\"><\/div><div class=\"wpforms-submit-container\" ><input type=\"hidden\" name=\"wpforms[id]\" value=\"25249\"><input type=\"hidden\" name=\"page_title\" value=\"\"><input type=\"hidden\" name=\"page_url\" value=\"https:\/\/artelaseruv.com.mx\/one\/wp-json\/wp\/v2\/pages\/25253\"><input type=\"hidden\" name=\"url_referer\" value=\"\"><button type=\"submit\" name=\"wpforms[submit]\" id=\"wpforms-submit-25249\" class=\"wpforms-submit\" data-alt-text=\"Enviando...\" data-submit-text=\"Enviar\" aria-live=\"assertive\" value=\"wpforms-submit\">Enviar<\/button><img decoding=\"async\" src=\"https:\/\/artelaseruv.com.mx\/one\/wp-content\/plugins\/wpforms-lite\/assets\/images\/submit-spin.svg\" class=\"wpforms-submit-spinner\" style=\"display: none;\" width=\"26\" height=\"26\" alt=\"Cargando\"><\/div><\/form><\/div>  <!-- .wpforms-container --><\/div>\t\t\t\t<\/div>\n\t\t\t\t<\/div>\n\t\t\t\t<\/div>\n\t\t\t\t\t<\/div>\n\t\t\t\t<\/div>\n\t\t\t\t<\/div>\n\t\t","protected":false},"excerpt":{"rendered":"<p>Ubicaci\u00f3n Av. del Sol 8. Cuautitl\u00e1n Izcalli. Estado de M\u00e9xico. MX. LL\u00c1MANOS 56 1542 3372 EMAIL ventas@artelaseruv.com.mx HORARIO Lunes a Viernes 9:00 a 18:00 Hrs. S\u00e1bado: 9:00 a 14:00 Hrs. INTEGRATE A NUESTRO EQUIPO Por favor, activa JavaScript en tu navegador para completar este formulario.Por favor, activa JavaScript en tu navegador para completar este formulario. [&hellip;]<\/p>\n","protected":false},"author":1,"featured_media":0,"parent":0,"menu_order":0,"comment_status":"closed","ping_status":"closed","template":"elementor-template.php","meta":{"_joinchat":[],"footnotes":""},"class_list":["post-25253","page","type-page","status-publish","hentry"],"yoast_head":"<!-- This site is optimized with the Yoast SEO plugin v27.6 - https:\/\/yoast.com\/product\/yoast-seo-wordpress\/ -->\n<title>Integrate a nuestro equipo - Arte L&aacute;ser UV M&eacute;xico<\/title>\n<meta name=\"description\" content=\"Arte L&aacute;ser UV M&eacute;xico - Integrate a nuestro equipo -\" \/>\n<meta name=\"robots\" content=\"index, follow, max-snippet:-1, max-image-preview:large, max-video-preview:-1\" \/>\n<link rel=\"canonical\" href=\"https:\/\/artelaseruv.com.mx\/one\/integrate-a-nuestro-equipo\/\" \/>\n<meta property=\"og:locale\" content=\"es_ES\" \/>\n<meta property=\"og:type\" content=\"article\" \/>\n<meta property=\"og:title\" content=\"Integrate a nuestro equipo - Arte L&aacute;ser UV M&eacute;xico\" \/>\n<meta property=\"og:description\" content=\"Arte L&aacute;ser UV M&eacute;xico - Integrate a nuestro equipo -\" \/>\n<meta property=\"og:url\" content=\"https:\/\/artelaseruv.com.mx\/one\/integrate-a-nuestro-equipo\/\" \/>\n<meta property=\"og:site_name\" content=\"Arte L&aacute;ser UV M&eacute;xico\" \/>\n<meta property=\"article:modified_time\" content=\"2024-03-23T10:31:08+00:00\" \/>\n<meta property=\"og:image\" content=\"https:\/\/artelaseruv.com.mx\/one\/wp-content\/plugins\/wpforms-lite\/assets\/images\/submit-spin.svg\" \/>\n<meta name=\"twitter:card\" content=\"summary_large_image\" \/>\n<meta name=\"twitter:label1\" content=\"Tiempo de lectura\" \/>\n\t<meta name=\"twitter:data1\" content=\"1 minuto\" \/>\n<script type=\"application\/ld+json\" class=\"yoast-schema-graph\">{\"@context\":\"https:\\\/\\\/schema.org\",\"@graph\":[{\"@type\":\"WebPage\",\"@id\":\"https:\\\/\\\/artelaseruv.com.mx\\\/one\\\/integrate-a-nuestro-equipo\\\/\",\"url\":\"https:\\\/\\\/artelaseruv.com.mx\\\/one\\\/integrate-a-nuestro-equipo\\\/\",\"name\":\"Integrate a nuestro equipo - Arte L&aacute;ser UV M&eacute;xico\",\"isPartOf\":{\"@id\":\"https:\\\/\\\/artelaseruv.com.mx\\\/one\\\/#website\"},\"primaryImageOfPage\":{\"@id\":\"https:\\\/\\\/artelaseruv.com.mx\\\/one\\\/integrate-a-nuestro-equipo\\\/#primaryimage\"},\"image\":{\"@id\":\"https:\\\/\\\/artelaseruv.com.mx\\\/one\\\/integrate-a-nuestro-equipo\\\/#primaryimage\"},\"thumbnailUrl\":\"https:\\\/\\\/artelaseruv.com.mx\\\/one\\\/wp-content\\\/plugins\\\/wpforms-lite\\\/assets\\\/images\\\/submit-spin.svg\",\"datePublished\":\"2024-03-23T10:24:52+00:00\",\"dateModified\":\"2024-03-23T10:31:08+00:00\",\"description\":\"Arte L&aacute;ser UV M&eacute;xico - Integrate a nuestro equipo -\",\"breadcrumb\":{\"@id\":\"https:\\\/\\\/artelaseruv.com.mx\\\/one\\\/integrate-a-nuestro-equipo\\\/#breadcrumb\"},\"inLanguage\":\"es\",\"potentialAction\":[{\"@type\":\"ReadAction\",\"target\":[\"https:\\\/\\\/artelaseruv.com.mx\\\/one\\\/integrate-a-nuestro-equipo\\\/\"]}]},{\"@type\":\"ImageObject\",\"inLanguage\":\"es\",\"@id\":\"https:\\\/\\\/artelaseruv.com.mx\\\/one\\\/integrate-a-nuestro-equipo\\\/#primaryimage\",\"url\":\"https:\\\/\\\/artelaseruv.com.mx\\\/one\\\/wp-content\\\/plugins\\\/wpforms-lite\\\/assets\\\/images\\\/submit-spin.svg\",\"contentUrl\":\"https:\\\/\\\/artelaseruv.com.mx\\\/one\\\/wp-content\\\/plugins\\\/wpforms-lite\\\/assets\\\/images\\\/submit-spin.svg\"},{\"@type\":\"BreadcrumbList\",\"@id\":\"https:\\\/\\\/artelaseruv.com.mx\\\/one\\\/integrate-a-nuestro-equipo\\\/#breadcrumb\",\"itemListElement\":[{\"@type\":\"ListItem\",\"position\":1,\"name\":\"Portada\",\"item\":\"https:\\\/\\\/artelaseruv.com.mx\\\/one\\\/\"},{\"@type\":\"ListItem\",\"position\":2,\"name\":\"Integrate a nuestro equipo\"}]},{\"@type\":\"WebSite\",\"@id\":\"https:\\\/\\\/artelaseruv.com.mx\\\/one\\\/#website\",\"url\":\"https:\\\/\\\/artelaseruv.com.mx\\\/one\\\/\",\"name\":\"Arte L\u00e1ser UV M\u00e9xico\",\"description\":\"Impresi&oacute;n UV, Corte y Grabado L&aacute;ser, Router CNC, impresi&oacute;n en r&iacute;gidos\",\"publisher\":{\"@id\":\"https:\\\/\\\/artelaseruv.com.mx\\\/one\\\/#organization\"},\"alternateName\":\"Arte l\u00e1ser M\u00e9xico\",\"potentialAction\":[{\"@type\":\"SearchAction\",\"target\":{\"@type\":\"EntryPoint\",\"urlTemplate\":\"https:\\\/\\\/artelaseruv.com.mx\\\/one\\\/?s={search_term_string}\"},\"query-input\":{\"@type\":\"PropertyValueSpecification\",\"valueRequired\":true,\"valueName\":\"search_term_string\"}}],\"inLanguage\":\"es\"},{\"@type\":\"Organization\",\"@id\":\"https:\\\/\\\/artelaseruv.com.mx\\\/one\\\/#organization\",\"name\":\"Arte L\u00e1ser UV M\u00e9xico\",\"alternateName\":\"Arte L\u00e1ser UV M\u00e9xico impresi\u00f3n alta resoluci\u00f3n\",\"url\":\"https:\\\/\\\/artelaseruv.com.mx\\\/one\\\/\",\"logo\":{\"@type\":\"ImageObject\",\"inLanguage\":\"es\",\"@id\":\"https:\\\/\\\/artelaseruv.com.mx\\\/one\\\/#\\\/schema\\\/logo\\\/image\\\/\",\"url\":\"https:\\\/\\\/artelaseruv.com.mx\\\/one\\\/wp-content\\\/uploads\\\/2024\\\/02\\\/LOGO-ARTE-LASER-UV-2.png\",\"contentUrl\":\"https:\\\/\\\/artelaseruv.com.mx\\\/one\\\/wp-content\\\/uploads\\\/2024\\\/02\\\/LOGO-ARTE-LASER-UV-2.png\",\"width\":418,\"height\":111,\"caption\":\"Arte L\u00e1ser UV M\u00e9xico\"},\"image\":{\"@id\":\"https:\\\/\\\/artelaseruv.com.mx\\\/one\\\/#\\\/schema\\\/logo\\\/image\\\/\"}}]}<\/script>\n<!-- \/ Yoast SEO plugin. -->","yoast_head_json":{"title":"Integrate a nuestro equipo - Arte L&aacute;ser UV M&eacute;xico","description":"Arte L&aacute;ser UV M&eacute;xico - Integrate a nuestro equipo -","robots":{"index":"index","follow":"follow","max-snippet":"max-snippet:-1","max-image-preview":"max-image-preview:large","max-video-preview":"max-video-preview:-1"},"canonical":"https:\/\/artelaseruv.com.mx\/one\/integrate-a-nuestro-equipo\/","og_locale":"es_ES","og_type":"article","og_title":"Integrate a nuestro equipo - Arte L&aacute;ser UV M&eacute;xico","og_description":"Arte L&aacute;ser UV M&eacute;xico - Integrate a nuestro equipo -","og_url":"https:\/\/artelaseruv.com.mx\/one\/integrate-a-nuestro-equipo\/","og_site_name":"Arte L&aacute;ser UV M&eacute;xico","article_modified_time":"2024-03-23T10:31:08+00:00","og_image":[{"url":"https:\/\/artelaseruv.com.mx\/one\/wp-content\/plugins\/wpforms-lite\/assets\/images\/submit-spin.svg","type":"","width":"","height":""}],"twitter_card":"summary_large_image","twitter_misc":{"Tiempo de lectura":"1 minuto"},"schema":{"@context":"https:\/\/schema.org","@graph":[{"@type":"WebPage","@id":"https:\/\/artelaseruv.com.mx\/one\/integrate-a-nuestro-equipo\/","url":"https:\/\/artelaseruv.com.mx\/one\/integrate-a-nuestro-equipo\/","name":"Integrate a nuestro equipo - Arte L&aacute;ser UV M&eacute;xico","isPartOf":{"@id":"https:\/\/artelaseruv.com.mx\/one\/#website"},"primaryImageOfPage":{"@id":"https:\/\/artelaseruv.com.mx\/one\/integrate-a-nuestro-equipo\/#primaryimage"},"image":{"@id":"https:\/\/artelaseruv.com.mx\/one\/integrate-a-nuestro-equipo\/#primaryimage"},"thumbnailUrl":"https:\/\/artelaseruv.com.mx\/one\/wp-content\/plugins\/wpforms-lite\/assets\/images\/submit-spin.svg","datePublished":"2024-03-23T10:24:52+00:00","dateModified":"2024-03-23T10:31:08+00:00","description":"Arte L&aacute;ser UV M&eacute;xico - Integrate a nuestro equipo -","breadcrumb":{"@id":"https:\/\/artelaseruv.com.mx\/one\/integrate-a-nuestro-equipo\/#breadcrumb"},"inLanguage":"es","potentialAction":[{"@type":"ReadAction","target":["https:\/\/artelaseruv.com.mx\/one\/integrate-a-nuestro-equipo\/"]}]},{"@type":"ImageObject","inLanguage":"es","@id":"https:\/\/artelaseruv.com.mx\/one\/integrate-a-nuestro-equipo\/#primaryimage","url":"https:\/\/artelaseruv.com.mx\/one\/wp-content\/plugins\/wpforms-lite\/assets\/images\/submit-spin.svg","contentUrl":"https:\/\/artelaseruv.com.mx\/one\/wp-content\/plugins\/wpforms-lite\/assets\/images\/submit-spin.svg"},{"@type":"BreadcrumbList","@id":"https:\/\/artelaseruv.com.mx\/one\/integrate-a-nuestro-equipo\/#breadcrumb","itemListElement":[{"@type":"ListItem","position":1,"name":"Portada","item":"https:\/\/artelaseruv.com.mx\/one\/"},{"@type":"ListItem","position":2,"name":"Integrate a nuestro equipo"}]},{"@type":"WebSite","@id":"https:\/\/artelaseruv.com.mx\/one\/#website","url":"https:\/\/artelaseruv.com.mx\/one\/","name":"Arte L\u00e1ser UV M\u00e9xico","description":"Impresi&oacute;n UV, Corte y Grabado L&aacute;ser, Router CNC, impresi&oacute;n en r&iacute;gidos","publisher":{"@id":"https:\/\/artelaseruv.com.mx\/one\/#organization"},"alternateName":"Arte l\u00e1ser M\u00e9xico","potentialAction":[{"@type":"SearchAction","target":{"@type":"EntryPoint","urlTemplate":"https:\/\/artelaseruv.com.mx\/one\/?s={search_term_string}"},"query-input":{"@type":"PropertyValueSpecification","valueRequired":true,"valueName":"search_term_string"}}],"inLanguage":"es"},{"@type":"Organization","@id":"https:\/\/artelaseruv.com.mx\/one\/#organization","name":"Arte L\u00e1ser UV M\u00e9xico","alternateName":"Arte L\u00e1ser UV M\u00e9xico impresi\u00f3n alta resoluci\u00f3n","url":"https:\/\/artelaseruv.com.mx\/one\/","logo":{"@type":"ImageObject","inLanguage":"es","@id":"https:\/\/artelaseruv.com.mx\/one\/#\/schema\/logo\/image\/","url":"https:\/\/artelaseruv.com.mx\/one\/wp-content\/uploads\/2024\/02\/LOGO-ARTE-LASER-UV-2.png","contentUrl":"https:\/\/artelaseruv.com.mx\/one\/wp-content\/uploads\/2024\/02\/LOGO-ARTE-LASER-UV-2.png","width":418,"height":111,"caption":"Arte L\u00e1ser UV M\u00e9xico"},"image":{"@id":"https:\/\/artelaseruv.com.mx\/one\/#\/schema\/logo\/image\/"}}]}},"jetpack_sharing_enabled":true,"_links":{"self":[{"href":"https:\/\/artelaseruv.com.mx\/one\/wp-json\/wp\/v2\/pages\/25253","targetHints":{"allow":["GET"]}}],"collection":[{"href":"https:\/\/artelaseruv.com.mx\/one\/wp-json\/wp\/v2\/pages"}],"about":[{"href":"https:\/\/artelaseruv.com.mx\/one\/wp-json\/wp\/v2\/types\/page"}],"author":[{"embeddable":true,"href":"https:\/\/artelaseruv.com.mx\/one\/wp-json\/wp\/v2\/users\/1"}],"replies":[{"embeddable":true,"href":"https:\/\/artelaseruv.com.mx\/one\/wp-json\/wp\/v2\/comments?post=25253"}],"version-history":[{"count":7,"href":"https:\/\/artelaseruv.com.mx\/one\/wp-json\/wp\/v2\/pages\/25253\/revisions"}],"predecessor-version":[{"id":25261,"href":"https:\/\/artelaseruv.com.mx\/one\/wp-json\/wp\/v2\/pages\/25253\/revisions\/25261"}],"wp:attachment":[{"href":"https:\/\/artelaseruv.com.mx\/one\/wp-json\/wp\/v2\/media?parent=25253"}],"curies":[{"name":"wp","href":"https:\/\/api.w.org\/{rel}","templated":true}]}}